{"id":393,"date":"2026-02-16T16:40:39","date_gmt":"2026-02-16T14:40:39","guid":{"rendered":"https:\/\/hoitohuonekuura.fi\/?page_id=393"},"modified":"2026-03-22T19:58:43","modified_gmt":"2026-03-22T17:58:43","slug":"palvelut-ja-hinnasto","status":"publish","type":"page","link":"https:\/\/hoitohuonekuura.fi\/?page_id=393","title":{"rendered":"Palvelut ja hinnasto"},"content":{"rendered":"\n<div class=\"wp-block-group has-custom-kuura-logon-tausta-color has-custom-kuura-1-background-color has-text-color has-background has-link-color wp-elements-466e8e95e053ea10cf060101554f0e47 has-global-padding is-layout-constrained wp-container-core-group-is-layout-fd831ced wp-block-group-is-layout-constrained\" style=\"padding-top:var(--wp--preset--spacing--40);padding-right:var(--wp--preset--spacing--40);padding-bottom:var(--wp--preset--spacing--40);padding-left:var(--wp--preset--spacing--40)\">\n<h2 class=\"wp-block-heading has-text-align-center\" style=\"padding-top:var(--wp--preset--spacing--30);padding-bottom:var(--wp--preset--spacing--30)\">Palvelut ja hinnasto<\/h2>\n\n\n\n<div class=\"wp-block-group has-custom-kuura-logon-teksti-color has-text-color has-link-color wp-elements-e2c054179e361ddcb4b8f23fcbc27fc0 is-layout-grid wp-container-core-group-is-layout-39db502b wp-block-group-is-layout-grid\" style=\"padding-top:0;padding-right:0;padding-bottom:0;padding-left:0\">\n<div class=\"wp-block-cover wp-container-content-a28fbc35\" style=\"padding-top:0;padding-bottom:0\"><img loading=\"lazy\" decoding=\"async\" width=\"681\" height=\"1024\" class=\"wp-block-cover__image-background wp-image-96 size-large\" alt=\"\" src=\"https:\/\/hoitohuonekuura.fi\/wp-content\/uploads\/2026\/01\/DSC_4685_reduced-681x1024.jpg\" data-object-fit=\"cover\" srcset=\"https:\/\/hoitohuonekuura.fi\/wp-content\/uploads\/2026\/01\/DSC_4685_reduced-681x1024.jpg 681w, https:\/\/hoitohuonekuura.fi\/wp-content\/uploads\/2026\/01\/DSC_4685_reduced-200x300.jpg 200w, https:\/\/hoitohuonekuura.fi\/wp-content\/uploads\/2026\/01\/DSC_4685_reduced-768x1155.jpg 768w, https:\/\/hoitohuonekuura.fi\/wp-content\/uploads\/2026\/01\/DSC_4685_reduced-1022x1536.jpg 1022w, https:\/\/hoitohuonekuura.fi\/wp-content\/uploads\/2026\/01\/DSC_4685_reduced.jpg 1277w\" sizes=\"auto, (max-width: 681px) 100vw, 681px\" \/><span aria-hidden=\"true\" class=\"wp-block-cover__background has-custom-kuura-logon-teksti-background-color has-background-dim-30 has-background-dim\"><\/span><div class=\"wp-block-cover__inner-container is-layout-flow wp-block-cover-is-layout-flow\">\n<p class=\"has-text-align-center has-custom-kuura-logon-tausta-color has-text-color has-link-color has-x-large-font-size wp-elements-acd9f893ae25c0cb52efa3549dedcb36\"><strong>Osteopatia<br>80 \u20ac \/ 45-60 min<\/strong><\/p>\n\n\n\n<div class=\"wp-block-buttons is-horizontal is-content-justification-center is-nowrap is-layout-flex wp-container-core-buttons-is-layout-10e4263d wp-block-buttons-is-layout-flex\">\n<div class=\"wp-block-button is-style-fill\"><a class=\"wp-block-button__link has-custom-kuura-logon-teksti-color has-custom-kuura-logon-tausta-background-color has-text-color has-background has-link-color wp-element-button\" href=\"https:\/\/vello.fi\/hoitohuonekuura\/ajanvaraus?office=d33d161d-4c35-48dd-bce5-bb8b1197a8dc&amp;service=97699f97-ff32-48e1-ba6f-c121348b1632\" style=\"border-width:1px;padding-top:var(--wp--preset--spacing--20);padding-bottom:var(--wp--preset--spacing--20)\" target=\"_blank\" rel=\"noreferrer noopener\">Varaa aika&#8230;<\/a><\/div>\n<\/div>\n<\/div><\/div>\n\n\n\n<div class=\"wp-block-cover\"><img loading=\"lazy\" decoding=\"async\" width=\"640\" height=\"427\" class=\"wp-block-cover__image-background wp-image-213 size-full\" alt=\"\" src=\"https:\/\/hoitohuonekuura.fi\/wp-content\/uploads\/2026\/01\/Vauvanhoitokuva.jpg\" data-object-fit=\"cover\" srcset=\"https:\/\/hoitohuonekuura.fi\/wp-content\/uploads\/2026\/01\/Vauvanhoitokuva.jpg 640w, https:\/\/hoitohuonekuura.fi\/wp-content\/uploads\/2026\/01\/Vauvanhoitokuva-300x200.jpg 300w\" sizes=\"auto, (max-width: 640px) 100vw, 640px\" \/><span aria-hidden=\"true\" class=\"wp-block-cover__background has-custom-kuura-logon-teksti-background-color has-background-dim-40 has-background-dim\"><\/span><div class=\"wp-block-cover__inner-container is-layout-flow wp-block-cover-is-layout-flow\">\n<p class=\"has-text-align-center has-custom-kuura-logon-tausta-color has-text-color has-link-color has-x-large-font-size wp-elements-4fb17796b50939e28663cbc73322beb8\"><strong>Lasten ja vauvojen osteopatia<br>70 \u20ac \/ 45 min<\/strong><\/p>\n\n\n\n<div class=\"wp-block-buttons is-horizontal is-content-justification-center is-nowrap is-layout-flex wp-container-core-buttons-is-layout-10e4263d wp-block-buttons-is-layout-flex\">\n<div class=\"wp-block-button is-style-fill\"><a class=\"wp-block-button__link has-custom-kuura-logon-teksti-color has-custom-kuura-logon-tausta-background-color has-text-color has-background has-link-color wp-element-button\" href=\"https:\/\/vello.fi\/hoitohuonekuura\/ajanvaraus?office=d33d161d-4c35-48dd-bce5-bb8b1197a8dc&amp;service=8dee7037-48a4-4ad1-a3db-7da3e41b4022\" style=\"border-width:1px;padding-top:var(--wp--preset--spacing--20);padding-bottom:var(--wp--preset--spacing--20)\" target=\"_blank\" rel=\"noreferrer noopener\">Varaa aika&#8230;<\/a><\/div>\n<\/div>\n<\/div><\/div>\n\n\n\n<div class=\"wp-block-cover\"><img loading=\"lazy\" decoding=\"async\" width=\"682\" height=\"1024\" class=\"wp-block-cover__image-background wp-image-74 size-large\" alt=\"\" src=\"https:\/\/hoitohuonekuura.fi\/wp-content\/uploads\/2026\/01\/DSC_4576_reduced-682x1024.jpg\" data-object-fit=\"cover\" srcset=\"https:\/\/hoitohuonekuura.fi\/wp-content\/uploads\/2026\/01\/DSC_4576_reduced-682x1024.jpg 682w, https:\/\/hoitohuonekuura.fi\/wp-content\/uploads\/2026\/01\/DSC_4576_reduced-200x300.jpg 200w, https:\/\/hoitohuonekuura.fi\/wp-content\/uploads\/2026\/01\/DSC_4576_reduced-768x1154.jpg 768w, https:\/\/hoitohuonekuura.fi\/wp-content\/uploads\/2026\/01\/DSC_4576_reduced-1022x1536.jpg 1022w, https:\/\/hoitohuonekuura.fi\/wp-content\/uploads\/2026\/01\/DSC_4576_reduced.jpg 1278w\" sizes=\"auto, (max-width: 682px) 100vw, 682px\" \/><span aria-hidden=\"true\" class=\"wp-block-cover__background has-custom-kuura-logon-teksti-background-color has-background-dim-40 has-background-dim\"><\/span><div class=\"wp-block-cover__inner-container is-layout-flow wp-block-cover-is-layout-flow\">\n<p class=\"has-text-align-center has-custom-kuura-logon-tausta-color has-text-color has-link-color has-x-large-font-size wp-elements-51b28fb8d01248b32ecb29c8bbf97ebd\"><strong>Raskaus- ja \u00e4itiysajan osteopatia<br>80 \u20ac \/ 45-60 min<\/strong><\/p>\n\n\n\n<div class=\"wp-block-buttons is-horizontal is-content-justification-center is-nowrap is-layout-flex wp-container-core-buttons-is-layout-10e4263d wp-block-buttons-is-layout-flex\">\n<div class=\"wp-block-button is-style-fill\"><a class=\"wp-block-button__link has-custom-kuura-logon-teksti-color has-custom-kuura-logon-tausta-background-color has-text-color has-background has-link-color wp-element-button\" href=\"https:\/\/vello.fi\/hoitohuonekuura\/ajanvaraus?office=d33d161d-4c35-48dd-bce5-bb8b1197a8dc&amp;service=4431909c-2960-41cd-af1c-17e55a75fd70\" style=\"border-width:1px;padding-top:var(--wp--preset--spacing--20);padding-bottom:var(--wp--preset--spacing--20)\" target=\"_blank\" rel=\"noreferrer noopener\">Varaa aika&#8230;<\/a><\/div>\n<\/div>\n<\/div><\/div>\n\n\n\n<div class=\"wp-block-cover\"><img loading=\"lazy\" decoding=\"async\" width=\"1278\" height=\"1920\" class=\"wp-block-cover__image-background wp-image-77 size-full\" alt=\"\" src=\"https:\/\/hoitohuonekuura.fi\/wp-content\/uploads\/2026\/01\/DSC_4589_reduced.jpg\" data-object-fit=\"cover\" srcset=\"https:\/\/hoitohuonekuura.fi\/wp-content\/uploads\/2026\/01\/DSC_4589_reduced.jpg 1278w, https:\/\/hoitohuonekuura.fi\/wp-content\/uploads\/2026\/01\/DSC_4589_reduced-200x300.jpg 200w, https:\/\/hoitohuonekuura.fi\/wp-content\/uploads\/2026\/01\/DSC_4589_reduced-682x1024.jpg 682w, https:\/\/hoitohuonekuura.fi\/wp-content\/uploads\/2026\/01\/DSC_4589_reduced-768x1154.jpg 768w, https:\/\/hoitohuonekuura.fi\/wp-content\/uploads\/2026\/01\/DSC_4589_reduced-1022x1536.jpg 1022w\" sizes=\"auto, (max-width: 1278px) 100vw, 1278px\" \/><span aria-hidden=\"true\" class=\"wp-block-cover__background has-custom-kuura-logon-teksti-background-color has-background-dim-40 has-background-dim\"><\/span><div class=\"wp-block-cover__inner-container is-layout-flow wp-block-cover-is-layout-flow\">\n<p class=\"has-text-align-center has-custom-kuura-logon-tausta-color has-text-color has-link-color has-x-large-font-size wp-elements-e08840255b544cfd419902af7e401863\"><strong>Vanhempi-lapsi osteopatiak\u00e4ynti<br>125 \u20ac \/ n. 90 min<\/strong><\/p>\n\n\n\n<div class=\"wp-block-buttons is-horizontal is-content-justification-center is-nowrap is-layout-flex wp-container-core-buttons-is-layout-10e4263d wp-block-buttons-is-layout-flex\">\n<div class=\"wp-block-button is-style-fill\"><a class=\"wp-block-button__link has-custom-kuura-logon-teksti-color has-custom-kuura-logon-tausta-background-color has-text-color has-background has-link-color wp-element-button\" href=\"https:\/\/vello.fi\/hoitohuonekuura\/ajanvaraus?office=d33d161d-4c35-48dd-bce5-bb8b1197a8dc&amp;service=18b7fd56-8e23-440b-b958-99979dbf85da\" style=\"border-width:1px;padding-top:var(--wp--preset--spacing--20);padding-bottom:var(--wp--preset--spacing--20)\" target=\"_blank\" rel=\"noreferrer noopener\">Varaa aika&#8230;<\/a><\/div>\n<\/div>\n<\/div><\/div>\n\n\n\n<div class=\"wp-block-cover\"><img loading=\"lazy\" decoding=\"async\" width=\"1024\" height=\"681\" class=\"wp-block-cover__image-background wp-image-86 size-large\" alt=\"\" src=\"https:\/\/hoitohuonekuura.fi\/wp-content\/uploads\/2026\/01\/DSC_4641_reduced-1024x681.jpg\" data-object-fit=\"cover\" srcset=\"https:\/\/hoitohuonekuura.fi\/wp-content\/uploads\/2026\/01\/DSC_4641_reduced-1024x681.jpg 1024w, https:\/\/hoitohuonekuura.fi\/wp-content\/uploads\/2026\/01\/DSC_4641_reduced-300x200.jpg 300w, https:\/\/hoitohuonekuura.fi\/wp-content\/uploads\/2026\/01\/DSC_4641_reduced-768x511.jpg 768w, https:\/\/hoitohuonekuura.fi\/wp-content\/uploads\/2026\/01\/DSC_4641_reduced-1536x1022.jpg 1536w, https:\/\/hoitohuonekuura.fi\/wp-content\/uploads\/2026\/01\/DSC_4641_reduced.jpg 1920w\" sizes=\"auto, (max-width: 1024px) 100vw, 1024px\" \/><span aria-hidden=\"true\" class=\"wp-block-cover__background has-custom-kuura-logon-teksti-background-color has-background-dim-20 has-background-dim\"><\/span><div class=\"wp-block-cover__inner-container is-layout-flow wp-block-cover-is-layout-flow\">\n<p class=\"has-text-align-center has-custom-kuura-logon-tausta-color has-text-color has-link-color has-x-large-font-size wp-elements-5b1ce0d78f976f2e1d599c1a95395be7\"><strong>Purentalihasten hieronta<br>70 \u20ac \/ 60 min<\/strong><\/p>\n\n\n\n<div class=\"wp-block-buttons is-horizontal is-content-justification-center is-nowrap is-layout-flex wp-container-core-buttons-is-layout-10e4263d wp-block-buttons-is-layout-flex\">\n<div class=\"wp-block-button is-style-fill\"><a class=\"wp-block-button__link has-custom-kuura-logon-teksti-color has-custom-kuura-logon-tausta-background-color has-text-color has-background has-link-color wp-element-button\" href=\"https:\/\/vello.fi\/hoitohuonekuura\/ajanvaraus?office=d33d161d-4c35-48dd-bce5-bb8b1197a8dc&amp;service=492f3e4b-ff78-4988-ae59-4fb5284110db\" style=\"border-width:1px;padding-top:var(--wp--preset--spacing--20);padding-bottom:var(--wp--preset--spacing--20)\" target=\"_blank\" rel=\"noreferrer noopener\">Varaa aika&#8230;<\/a><\/div>\n<\/div>\n<\/div><\/div>\n\n\n\n<div class=\"wp-block-cover\"><img loading=\"lazy\" decoding=\"async\" width=\"1024\" height=\"681\" class=\"wp-block-cover__image-background wp-image-103 size-large\" alt=\"\" src=\"https:\/\/hoitohuonekuura.fi\/wp-content\/uploads\/2026\/01\/DSC_4735_reduced-1024x681.jpg\" data-object-fit=\"cover\" srcset=\"https:\/\/hoitohuonekuura.fi\/wp-content\/uploads\/2026\/01\/DSC_4735_reduced-1024x681.jpg 1024w, https:\/\/hoitohuonekuura.fi\/wp-content\/uploads\/2026\/01\/DSC_4735_reduced-300x200.jpg 300w, https:\/\/hoitohuonekuura.fi\/wp-content\/uploads\/2026\/01\/DSC_4735_reduced-768x511.jpg 768w, https:\/\/hoitohuonekuura.fi\/wp-content\/uploads\/2026\/01\/DSC_4735_reduced-1536x1022.jpg 1536w, https:\/\/hoitohuonekuura.fi\/wp-content\/uploads\/2026\/01\/DSC_4735_reduced.jpg 1920w\" sizes=\"auto, (max-width: 1024px) 100vw, 1024px\" \/><span aria-hidden=\"true\" class=\"wp-block-cover__background has-custom-kuura-logon-teksti-background-color has-background-dim-40 has-background-dim\"><\/span><div class=\"wp-block-cover__inner-container is-layout-flow wp-block-cover-is-layout-flow\">\n<p class=\"has-text-align-center has-custom-kuura-logon-tausta-color has-text-color has-link-color has-x-large-font-size wp-elements-ed05444c59b77b7fcf21fbfcffb76cc4\"><strong>Stressiniskahieronta<br>70 \u20ac \/ 60 min<\/strong><\/p>\n\n\n\n<div class=\"wp-block-buttons is-horizontal is-content-justification-center is-nowrap is-layout-flex wp-container-core-buttons-is-layout-10e4263d wp-block-buttons-is-layout-flex\">\n<div class=\"wp-block-button is-style-fill\"><a class=\"wp-block-button__link has-custom-kuura-logon-teksti-color has-custom-kuura-logon-tausta-background-color has-text-color has-background has-link-color wp-element-button\" href=\"https:\/\/vello.fi\/hoitohuonekuura\/ajanvaraus?office=d33d161d-4c35-48dd-bce5-bb8b1197a8dc&amp;service=26591cea-8521-46f4-bc36-ee7eb9471cc1\" style=\"border-width:1px;padding-top:var(--wp--preset--spacing--20);padding-bottom:var(--wp--preset--spacing--20)\" target=\"_blank\" rel=\"noreferrer noopener\">Varaa 60 min aika&#8230;<\/a><\/div>\n<\/div>\n<\/div><\/div>\n<\/div>\n<\/div>\n\n\n\n<div class=\"wp-block-group has-custom-kuura-logon-tausta-color has-custom-kuura-1-background-color has-text-color has-background has-link-color wp-elements-239f1017ad90b06e8d48bc805cdd1fef has-global-padding is-layout-constrained wp-container-core-group-is-layout-bfd61316 wp-block-group-is-layout-constrained\" style=\"margin-top:0;margin-bottom:0;padding-top:var(--wp--preset--spacing--50);padding-right:var(--wp--preset--spacing--40);padding-bottom:var(--wp--preset--spacing--50);padding-left:var(--wp--preset--spacing--40)\">\n<h2 class=\"wp-block-heading has-text-align-center\">Lis\u00e4tietoa palveluista<\/h2>\n\n\n\n<p><\/p>\n\n\n\n<h3 class=\"wp-block-heading\">Raskaus- ja \u00e4itiysajan osteopatia<\/h3>\n\n\n\n<p>Osteopatia on erinomainen tapa huolehtia hyvinvoinnista raskauden aikana. Hoito auttaa lievitt\u00e4m\u00e4\u00e4n kipua, palauttamaan kehon tasapainon ja tukemaan sinua raskauden jokaisessa vaiheessa. Jokainen hoitokerta r\u00e4\u00e4t\u00e4l\u00f6id\u00e4\u00e4n yksil\u00f6llisesti hell\u00e4varaisia ja k\u00e4yt\u00e4nn\u00f6nl\u00e4heisi\u00e4 tekniikoita k\u00e4ytt\u00e4en.<\/p>\n\n\n\n<p>Hoito tuo helpotusta esimerkiksi selk\u00e4- ja lantioalueen s\u00e4rkyihin, nivelj\u00e4ykkyyteen sek\u00e4 ryhtirasituksiin. Osteopatia tukee my\u00f6s synnytyksest\u00e4 toipumista auttamalla kehoa palautumaan ja vahvistamalla kokonaisvaltaista hyvinvointia.<\/p>\n\n\n\n<p><\/p>\n\n\n\n<h3 class=\"wp-block-heading\">Vanhempi-lapsi osteopatiak\u00e4ynti<\/h3>\n\n\n\n<p>Yhteinen osteopatia-aika vanhemmalle ja vauvalle sis\u00e4lt\u00e4\u00e4 vauvan ja vanhemman osteopaattisen hoidon.<\/p>\n\n\n\n<p><\/p>\n\n\n\n<h3 class=\"wp-block-heading\">Vauvojen osteopatia<\/h3>\n\n\n\n<p>Synnytys on fyysisesti intensiivinen ja joskus traumatisoiva tapahtuma. Osteopatia voi hy\u00f6dytt\u00e4\u00e4 sek\u00e4 vanhempia ett\u00e4 vauvaa synnytyksen j\u00e4lkeen vapauttamalla tarpeetonta kudosj\u00e4nnityst\u00e4. Vauvalla n\u00e4m\u00e4 j\u00e4nnitykset saattavat ilmet\u00e4 esimerkiksi refluksioireina tai vatsavaivoina, koliikkina, uniongelmina, imemisvaikeuksina tai p\u00e4\u00e4n asennon rajoitteina.<\/p>\n\n\n\n<p><\/p>\n\n\n\n<h3 class=\"wp-block-heading\">Lasten ja nuorten osteopatia<\/h3>\n\n\n\n<p>Lasten ja nuorten osteopaattinen hoito luo vankan pohjan tasapainoiselle kasvulle ja kehitykselle. Kasvun varrella koetut fyysiset ja emotionaaliset kuormitustekij\u00e4t voivat j\u00e4tt\u00e4\u00e4 kehoon j\u00e4lki\u00e4, joita se alkaa kompensoida. T\u00e4m\u00e4 saattaa ilmet\u00e4 esimerkiksi levottomuutena, kipuina, univaikeuksina tai mielialan vaihteluina.<\/p>\n\n\n\n<p>Lastenhoito on aina hyvin hell\u00e4varaista ja se keskittyy palauttamaan kudosten luonnollisen liikkeen. Kun keho ja hermosto l\u00f6yt\u00e4v\u00e4t optimaalisen tasapainon, vaikutukset n\u00e4kyv\u00e4t usein suoraan lapsen arjessa: uni rauhoittuu, keskittymiskyky paranee ja kehitysvaiheiden saavuttaminen helpottuu.<\/p>\n\n\n\n<p><\/p>\n\n\n\n<h3 class=\"wp-block-heading\">Hieronnat<\/h3>\n\n\n\n<p>Stressiniskahieronta on tehokas hoito, joka keskittyy niska-hartiaseudun lihasten rentouttamiseen v\u00e4hent\u00e4en stressist\u00e4 ja huonosta ty\u00f6ergonomiasta johtuvia jumeja ja kipuja. Hoidossa k\u00e4sitell\u00e4\u00e4n triggerpisteit\u00e4 ja se parantaa verenkiertoa, aineenvaihduntaa ja liikkuvuutta, rauhoittaen samalla hermostoa ja parantaen unen laatua.<\/p>\n\n\n\n<p>Purentalihasten hieronta lievent\u00e4\u00e4 lihasj\u00e4nnityst\u00e4, joka voi johtua tai aiheuttaa hampaiden yhteen puremista, narskuttelua tai stressi\u00e4. Purentaongelmat, hampaiden narskuttelu ja muut suun j\u00e4nnitystilat voivat heijastua s\u00e4rkyn\u00e4 niskaan, hartioihin ja ohimoille. Pahimmillaan ne jopa laukaisevat migreenikohtauksia. Purentalihasten hieronnalla voidaan tuoda lievityst\u00e4 p\u00e4\u00e4n alueen s\u00e4rkyyn. Hieronnan aikana k\u00e4sitell\u00e4\u00e4n kasvojen alue, puremalihakset sek\u00e4 lis\u00e4ksi kaulan ja niska-hartiaseudun aluetta.<\/p>\n<\/div>\n","protected":false},"excerpt":{"rendered":"<p>Palvelut ja hinnasto Lis\u00e4tietoa palveluista Raskaus- ja \u00e4itiysajan osteopatia Osteopatia on erinomainen tapa huolehtia hyvinvoinnista raskauden aikana. Hoito auttaa lievitt\u00e4m\u00e4\u00e4n kipua, palauttamaan kehon tasapainon ja tukemaan sinua raskauden jokaisessa vaiheessa. Jokainen hoitokerta r\u00e4\u00e4t\u00e4l\u00f6id\u00e4\u00e4n yksil\u00f6llisesti hell\u00e4varaisia ja k\u00e4yt\u00e4nn\u00f6nl\u00e4heisi\u00e4 tekniikoita k\u00e4ytt\u00e4en. Hoito tuo helpotusta esimerkiksi selk\u00e4- ja lantioalueen s\u00e4rkyihin, nivelj\u00e4ykkyyteen sek\u00e4 ryhtirasituksiin. Osteopatia tukee my\u00f6s synnytyksest\u00e4 toipumista [&hellip;]<\/p>\n","protected":false},"author":2,"featured_media":0,"parent":0,"menu_order":0,"comment_status":"closed","ping_status":"closed","template":"","meta":{"footnotes":""},"class_list":["post-393","page","type-page","status-publish","hentry"],"_links":{"self":[{"href":"https:\/\/hoitohuonekuura.fi\/index.php?rest_route=\/wp\/v2\/pages\/393","targetHints":{"allow":["GET"]}}],"collection":[{"href":"https:\/\/hoitohuonekuura.fi\/index.php?rest_route=\/wp\/v2\/pages"}],"about":[{"href":"https:\/\/hoitohuonekuura.fi\/index.php?rest_route=\/wp\/v2\/types\/page"}],"author":[{"embeddable":true,"href":"https:\/\/hoitohuonekuura.fi\/index.php?rest_route=\/wp\/v2\/users\/2"}],"replies":[{"embeddable":true,"href":"https:\/\/hoitohuonekuura.fi\/index.php?rest_route=%2Fwp%2Fv2%2Fcomments&post=393"}],"version-history":[{"count":21,"href":"https:\/\/hoitohuonekuura.fi\/index.php?rest_route=\/wp\/v2\/pages\/393\/revisions"}],"predecessor-version":[{"id":486,"href":"https:\/\/hoitohuonekuura.fi\/index.php?rest_route=\/wp\/v2\/pages\/393\/revisions\/486"}],"wp:attachment":[{"href":"https:\/\/hoitohuonekuura.fi\/index.php?rest_route=%2Fwp%2Fv2%2Fmedia&parent=393"}],"curies":[{"name":"wp","href":"https:\/\/api.w.org\/{rel}","templated":true}]}}