{"id":399,"date":"2026-02-16T16:44:06","date_gmt":"2026-02-16T14:44:06","guid":{"rendered":"https:\/\/hoitohuonekuura.fi\/?page_id=399"},"modified":"2026-02-19T22:07:56","modified_gmt":"2026-02-19T20:07:56","slug":"osteopatiasta","status":"publish","type":"page","link":"https:\/\/hoitohuonekuura.fi\/?page_id=399","title":{"rendered":"Osteopatiasta"},"content":{"rendered":"\n<div class=\"wp-block-group is-style-section-1 has-custom-kuura-logon-teksti-color has-custom-kuura-logon-tausta-background-color has-text-color has-background has-global-padding is-layout-constrained wp-container-core-group-is-layout-fd831ced wp-block-group-is-layout-constrained\" style=\"padding-top:var(--wp--preset--spacing--40);padding-right:var(--wp--preset--spacing--40);padding-bottom:var(--wp--preset--spacing--40);padding-left:var(--wp--preset--spacing--40)\">\n<h2 class=\"wp-block-heading has-text-align-center\" style=\"padding-top:var(--wp--preset--spacing--30);padding-bottom:var(--wp--preset--spacing--30)\">Osteopatiasta<\/h2>\n\n\n\n<p class=\"has-large-font-size\">Osteopaatti on Suomessa Valviran rekister\u00f6im\u00e4 ja nimikesuojattu terveydenhuollon ammattihenkil\u00f6.<\/p>\n\n\n\n<p>Osteopatian ydinperiaate on se, ett\u00e4 ihmisess\u00e4 on synnynn\u00e4isi\u00e4 itseparantumis- ja itses\u00e4\u00e4telymekanismeja, joiden johdosta keholla on luontainen kyky ja taipumus parantaa itsens\u00e4. T\u00e4m\u00e4 luonnollinen paranemispotentiaali ohjaa kasvua, kehityst\u00e4, kudosvaurioiden korjaantumista sek\u00e4 systeemitason tasapainoa. Osteopaatit tukevat, nopeuttavat ja tehostavat t\u00e4t\u00e4 luonnollista paranemisprosessia lempeill\u00e4 ja turvallisilla, kaikenik\u00e4isille ja -kuntoisille soveltuvilla hoitomenetelmill\u00e4.<\/p>\n\n\n\n<p>Osteopatiassa korostetaan tuki- ja liikuntaelimist\u00f6n sek\u00e4 kaikkien kehon j\u00e4rjestelmien v\u00e4list\u00e4 toimivaa vuorovaikutusta. Sen ydinajatuksena on, ett\u00e4 rakenteen ja toiminnan v\u00e4linen vuorovaikutus ohjaa terveytt\u00e4.<\/p>\n\n\n\n<p>Sen sijaan, ett\u00e4 osteopatiassa hoidettaisiin oireita erikseen, osteopaatti etsii vaivan taustalla olevaa syyt\u00e4. Keho on yhten\u00e4inen kokonaisuus, ja yhden alueen muutokset voivat vaikuttaa koko j\u00e4rjestelm\u00e4n liikkeeseen ja toimintaan. K\u00e4sill\u00e4 kuuntelemalla ja tunnustelemalla, osteopaatti arvioi eri kudosten j\u00e4ntevyytt\u00e4 ja elinvoimaa ymm\u00e4rt\u00e4\u00e4kseen mit\u00e4 kehosi tarvitsee palatakseen parempaan terveydentilaan.<\/p>\n\n\n\n<p class=\"has-large-font-size\">Osteopaatit ymm\u00e4rt\u00e4v\u00e4t, ett\u00e4 jokainen kehon rakenne on suunniteltu liikkumaan. Ilmeisten liikkeiden \u2013 kuten ry\u00f6mimisen, k\u00e4velyn, juoksemisen ja hyppimisen \u2013 lis\u00e4ksi osteopaatit tunnistavat sis\u00e4isten liikkeiden merkityksen. N\u00e4it\u00e4 ovat esimerkiksi verenkierto, hengityksen aikainen kaasujen vaihto, ruoansulatus ja kuona-aineiden poistuminen. Kun keho ylikuormittuu eik\u00e4 pysty en\u00e4\u00e4 korjaamaan itse\u00e4\u00e4n, osteopaattinen hoito voi auttaa palauttamaan tasapainon, helppouden ja luonnollisen liikkeen. Osteopatia tukee monella tapaa kehoa siin\u00e4, mihin se on jo suunniteltu.<\/p>\n<\/div>\n","protected":false},"excerpt":{"rendered":"<p>Osteopatiasta Osteopaatti on Suomessa Valviran rekister\u00f6im\u00e4 ja nimikesuojattu terveydenhuollon ammattihenkil\u00f6. Osteopatian ydinperiaate on se, ett\u00e4 ihmisess\u00e4 on synnynn\u00e4isi\u00e4 itseparantumis- ja itses\u00e4\u00e4telymekanismeja, joiden johdosta keholla on luontainen kyky ja taipumus parantaa itsens\u00e4. T\u00e4m\u00e4 luonnollinen paranemispotentiaali ohjaa kasvua, kehityst\u00e4, kudosvaurioiden korjaantumista sek\u00e4 systeemitason tasapainoa. Osteopaatit tukevat, nopeuttavat ja tehostavat t\u00e4t\u00e4 luonnollista paranemisprosessia lempeill\u00e4 ja turvallisilla, kaikenik\u00e4isille ja [&hellip;]<\/p>\n","protected":false},"author":2,"featured_media":0,"parent":0,"menu_order":0,"comment_status":"closed","ping_status":"closed","template":"","meta":{"footnotes":""},"class_list":["post-399","page","type-page","status-publish","hentry"],"_links":{"self":[{"href":"https:\/\/hoitohuonekuura.fi\/index.php?rest_route=\/wp\/v2\/pages\/399","targetHints":{"allow":["GET"]}}],"collection":[{"href":"https:\/\/hoitohuonekuura.fi\/index.php?rest_route=\/wp\/v2\/pages"}],"about":[{"href":"https:\/\/hoitohuonekuura.fi\/index.php?rest_route=\/wp\/v2\/types\/page"}],"author":[{"embeddable":true,"href":"https:\/\/hoitohuonekuura.fi\/index.php?rest_route=\/wp\/v2\/users\/2"}],"replies":[{"embeddable":true,"href":"https:\/\/hoitohuonekuura.fi\/index.php?rest_route=%2Fwp%2Fv2%2Fcomments&post=399"}],"version-history":[{"count":4,"href":"https:\/\/hoitohuonekuura.fi\/index.php?rest_route=\/wp\/v2\/pages\/399\/revisions"}],"predecessor-version":[{"id":457,"href":"https:\/\/hoitohuonekuura.fi\/index.php?rest_route=\/wp\/v2\/pages\/399\/revisions\/457"}],"wp:attachment":[{"href":"https:\/\/hoitohuonekuura.fi\/index.php?rest_route=%2Fwp%2Fv2%2Fmedia&parent=399"}],"curies":[{"name":"wp","href":"https:\/\/api.w.org\/{rel}","templated":true}]}}