{"id":401,"date":"2026-02-16T16:45:07","date_gmt":"2026-02-16T14:45:07","guid":{"rendered":"https:\/\/hoitohuonekuura.fi\/?page_id=401"},"modified":"2026-02-16T16:45:07","modified_gmt":"2026-02-16T14:45:07","slug":"minusta","status":"publish","type":"page","link":"https:\/\/hoitohuonekuura.fi\/?page_id=401","title":{"rendered":"Minusta"},"content":{"rendered":"\n<div class=\"wp-block-group has-custom-kuura-logon-teksti-color has-custom-kuura-logon-tausta-background-color has-text-color has-background has-link-color wp-elements-b75ac2f659f2ae5bef79b48ae929913a has-global-padding is-content-justification-center is-layout-constrained wp-container-core-group-is-layout-c38ca276 wp-block-group-is-layout-constrained\" style=\"margin-top:0;margin-bottom:0;padding-top:var(--wp--preset--spacing--50);padding-right:var(--wp--preset--spacing--40);padding-bottom:var(--wp--preset--spacing--50);padding-left:var(--wp--preset--spacing--40)\">\n<h2 class=\"wp-block-heading\">Minusta<\/h2>\n\n\n\n<div class=\"wp-block-columns has-custom-kuura-logon-teksti-color has-text-color has-link-color wp-elements-6a8e51bc50fa31b17de119ecc739d65c is-layout-flex wp-container-core-columns-is-layout-28f84493 wp-block-columns-is-layout-flex\">\n<div class=\"wp-block-column is-vertically-aligned-center is-layout-flow wp-block-column-is-layout-flow\" style=\"flex-basis:28%\">\n<div class=\"wp-block-group is-vertical is-content-justification-center is-layout-flex wp-container-core-group-is-layout-ce155fab wp-block-group-is-layout-flex\">\n<figure class=\"wp-block-image size-large has-custom-border\"><img loading=\"lazy\" decoding=\"async\" width=\"681\" height=\"1024\" src=\"https:\/\/hoitohuonekuura.fi\/wp-content\/uploads\/2026\/01\/DSC_4784_reduced-681x1024.jpg\" alt=\"\" class=\"wp-image-108\" style=\"border-top-left-radius:7px;border-top-right-radius:7px;border-bottom-left-radius:7px;border-bottom-right-radius:7px\" srcset=\"https:\/\/hoitohuonekuura.fi\/wp-content\/uploads\/2026\/01\/DSC_4784_reduced-681x1024.jpg 681w, https:\/\/hoitohuonekuura.fi\/wp-content\/uploads\/2026\/01\/DSC_4784_reduced-200x300.jpg 200w, https:\/\/hoitohuonekuura.fi\/wp-content\/uploads\/2026\/01\/DSC_4784_reduced-768x1155.jpg 768w, https:\/\/hoitohuonekuura.fi\/wp-content\/uploads\/2026\/01\/DSC_4784_reduced-1022x1536.jpg 1022w, https:\/\/hoitohuonekuura.fi\/wp-content\/uploads\/2026\/01\/DSC_4784_reduced.jpg 1277w\" sizes=\"auto, (max-width: 681px) 100vw, 681px\" \/><\/figure>\n\n\n\n<p>Laura Uotinen<\/p>\n<\/div>\n<\/div>\n\n\n\n<div class=\"wp-block-column is-layout-flow wp-container-core-column-is-layout-22223934 wp-block-column-is-layout-flow\" style=\"flex-basis:66.66%\">\n<p class=\"has-medium-font-size\">Olen valmistunut osteopaatiksi vuonna 2018 Metropolian ammattikorkeakoulun nelivuotisesta koulutusohjelmasta. Aiemmalta koulutukselta olen Polestar pilates tutkinnon k\u00e4ynyt pilatesohjaaja (2011) ja henkil\u00f6kohtainen valmentaja (2008). Lis\u00e4ksi olen opiskellut kasvil\u00e4\u00e4kint\u00e4\u00e4, kraniaalisakraaliterapiaa ja hierontaa.<\/p>\n\n\n\n<p class=\"has-medium-font-size\">Osteopaattina toimiminen on minulle kutsumusammatti. Minua kiehtoo osteopatian monipuolisuus ja tehokkuus hoitomuotona sek\u00e4 se, ett\u00e4 terveys n\u00e4hd\u00e4\u00e4n seurauksena ihmisen kokonaisvaltaisesta tasapainosta.<\/p>\n\n\n\n<p class=\"has-medium-font-size\">Jatkokouluttaudun s\u00e4\u00e4nn\u00f6llisesti sek\u00e4 Suomessa ett\u00e4 ulkomailla, ja olen suorittanut lis\u00e4opintoja muun muassa biodynaamisen osteopatian sek\u00e4 vauvojen ja lasten osteopatian parissa.<\/p>\n\n\n\n<p class=\"has-medium-font-size\">Ty\u00f6kokemukseni liikunta-alalta on antanut minulle syv\u00e4llisen ymm\u00e4rryksen liikkeen ja oikeanlaisen harjoittelun t\u00e4rkeydest\u00e4 osana terveytt\u00e4. Ohjaankin usein asiakkaille heille sopivia harjoituksia.<\/p>\n\n\n\n<p class=\"has-medium-font-size\">Luonto ja sen hyvinvointi ovat minulle t\u00e4rkeit\u00e4 arvoja. Viime vuosien aikana olen saanut olla mukana toteuttamassa erilaisia projekteja Amazonin sademets\u00e4n suojelun ja siell\u00e4 asuvien alkuper\u00e4isheimojen hyvinvoinnin edist\u00e4miseksi muun muassa vaikuttamalla heid\u00e4n asuinkyliens\u00e4 infrastruktuurin kehittymiseen.<\/p>\n<\/div>\n<\/div>\n<\/div>\n","protected":false},"excerpt":{"rendered":"<p>Minusta Laura Uotinen Olen valmistunut osteopaatiksi vuonna 2018 Metropolian ammattikorkeakoulun nelivuotisesta koulutusohjelmasta. Aiemmalta koulutukselta olen Polestar pilates tutkinnon k\u00e4ynyt pilatesohjaaja (2011) ja henkil\u00f6kohtainen valmentaja (2008). Lis\u00e4ksi olen opiskellut kasvil\u00e4\u00e4kint\u00e4\u00e4, kraniaalisakraaliterapiaa ja hierontaa. Osteopaattina toimiminen on minulle kutsumusammatti. Minua kiehtoo osteopatian monipuolisuus ja tehokkuus hoitomuotona sek\u00e4 se, ett\u00e4 terveys n\u00e4hd\u00e4\u00e4n seurauksena ihmisen kokonaisvaltaisesta tasapainosta. Jatkokouluttaudun s\u00e4\u00e4nn\u00f6llisesti [&hellip;]<\/p>\n","protected":false},"author":2,"featured_media":0,"parent":0,"menu_order":0,"comment_status":"closed","ping_status":"closed","template":"","meta":{"footnotes":""},"class_list":["post-401","page","type-page","status-publish","hentry"],"_links":{"self":[{"href":"https:\/\/hoitohuonekuura.fi\/index.php?rest_route=\/wp\/v2\/pages\/401","targetHints":{"allow":["GET"]}}],"collection":[{"href":"https:\/\/hoitohuonekuura.fi\/index.php?rest_route=\/wp\/v2\/pages"}],"about":[{"href":"https:\/\/hoitohuonekuura.fi\/index.php?rest_route=\/wp\/v2\/types\/page"}],"author":[{"embeddable":true,"href":"https:\/\/hoitohuonekuura.fi\/index.php?rest_route=\/wp\/v2\/users\/2"}],"replies":[{"embeddable":true,"href":"https:\/\/hoitohuonekuura.fi\/index.php?rest_route=%2Fwp%2Fv2%2Fcomments&post=401"}],"version-history":[{"count":1,"href":"https:\/\/hoitohuonekuura.fi\/index.php?rest_route=\/wp\/v2\/pages\/401\/revisions"}],"predecessor-version":[{"id":402,"href":"https:\/\/hoitohuonekuura.fi\/index.php?rest_route=\/wp\/v2\/pages\/401\/revisions\/402"}],"wp:attachment":[{"href":"https:\/\/hoitohuonekuura.fi\/index.php?rest_route=%2Fwp%2Fv2%2Fmedia&parent=401"}],"curies":[{"name":"wp","href":"https:\/\/api.w.org\/{rel}","templated":true}]}}